{"id":4510,"date":"2024-05-13T22:00:52","date_gmt":"2024-05-13T20:00:52","guid":{"rendered":"https:\/\/skiracingcamps.ch\/cancellation-insurance-general-terms-and-conditions\/"},"modified":"2024-11-22T17:11:50","modified_gmt":"2024-11-22T16:11:50","slug":"seguro-cancelacion-condiciones-generales","status":"publish","type":"page","link":"https:\/\/skischoolsaasfee.ch\/es\/seguro-cancelacion-condiciones-generales\/","title":{"rendered":"Seguro de Cancelaci\u00f3n &#8211; T\u00e9rminos y Condiciones Generales"},"content":{"rendered":"\n<h2 class=\"wp-block-heading\">1. Introducci\u00f3n<\/h2>\n\n<p>Las presentes Condiciones Generales de Contrataci\u00f3n regulan el Seguro de Cancelaci\u00f3n proporcionado por Ski Zenit (\u00abla Empresa\u00bb) a sus clientes. Este seguro permite a los clientes cancelar sus actividades reservadas en los t\u00e9rminos que se describen a continuaci\u00f3n. <\/p>\n\n<div style=\"height:30px\" aria-hidden=\"true\" class=\"wp-block-spacer\"><\/div>\n\n<h2 class=\"wp-block-heading\">2. Pol\u00edtica de cancelaci\u00f3n<\/h2>\n\n<ul class=\"wp-block-list\">\n<li>2.1 Cancelaci\u00f3n antes del inicio de la actividad: Si un cliente contrata un seguro de cancelaci\u00f3n Zenit en el momento de la reserva, el cliente tiene derecho a cancelar su reserva solo de todos los art\u00edculos asegurados (lo que excluye el precio de la p\u00f3liza de seguro en s\u00ed), por cualquier motivo, hasta 48 horas antes del inicio programado de la actividad. En este caso, el cliente tiene la opci\u00f3n de: \n<ul class=\"wp-block-list\">\n<li>Recibir un reembolso del 90% del valor de todos los productos o servicios asegurados, O<\/li>\n\n\n\n<li>Recibir un cr\u00e9dito del 95% del valor de los productos o servicios asegurados, para canjear en cualquier producto o servicio futuro de Ski Zenit.<\/li>\n<\/ul>\n<\/li>\n\n\n\n<li>2.2 Cancelaci\u00f3n despu\u00e9s del inicio de la actividad: Una vez iniciada la actividad, solo se permite la cancelaci\u00f3n por los siguientes motivos:\n<ul class=\"wp-block-list\">\n<li>2.2.1 Razones m\u00e9dicas: El participante deber\u00e1 aportar un certificado m\u00e9dico que demuestre que no puede continuar participando en la actividad.<\/li>\n\n\n\n<li>2.2.2 Duelo familiar: En caso de duelo familiar, el participante deber\u00e1 aportar la documentaci\u00f3n adecuada.<\/li>\n<\/ul>\n<\/li>\n<\/ul>\n\n<p>En el caso de las cancelaciones en virtud de las secciones 2.2.1 y 2.2.2, solo son v\u00e1lidas con la condici\u00f3n de que el participante abandone Saas Fee como consecuencia de cualquiera de las dos razones estipuladas anteriormente.<\/p>\n\n<div style=\"height:30px\" aria-hidden=\"true\" class=\"wp-block-spacer\"><\/div>\n\n<h2 class=\"wp-block-heading\">3. Notificaci\u00f3n<\/h2>\n\n<p>Para cancelar una reserva, el participante debe notificar a Ski Zenit por escrito:<\/p>\n\n<ul class=\"wp-block-list\">\n<li>Correo electr\u00f3nico: <a href=\"mailto:info@skizenit.ch\">info@skizenit.ch<\/a><\/li>\n\n\n\n<li>Direcci\u00f3n: Ski Zenit, Oficina principal, 54 Oberedorfstrasse, 3906 Saas Fee, Suiza<\/li>\n<\/ul>\n\n<p>La notificaci\u00f3n deber\u00e1 llegar a Ski Zenit durante el horario laboral (08:30-18:00 CET) al menos 48 horas antes del inicio previsto de la actividad para las cancelaciones previstas en el apartado 2.1, o tan pronto como sea razonablemente posible en los casos descritos en el apartado 2.2.<\/p>\n\n<div style=\"height:30px\" aria-hidden=\"true\" class=\"wp-block-spacer\"><\/div>\n\n<h2 class=\"wp-block-heading\">4. Reembolsos<\/h2>\n\n<p>Tras una cancelaci\u00f3n v\u00e1lida, los reembolsos se procesar\u00e1n dependiendo de si el cliente solicita un reembolso o un cr\u00e9dito. Los reembolsos se realizar\u00e1n al m\u00e9todo de pago original utilizado en el momento de la reserva. <\/p>\n\n<div style=\"height:30px\" aria-hidden=\"true\" class=\"wp-block-spacer\"><\/div>\n\n<h2 class=\"wp-block-heading\">5. Excepciones<\/h2>\n\n<p>No se otorgar\u00e1n reembolsos si:<\/p>\n\n<ul class=\"wp-block-list\">\n<li>La solicitud de cancelaci\u00f3n se realiza con menos de 48 horas de antelaci\u00f3n a la hora de inicio de la actividad, salvo en las condiciones mencionadas en el apartado 2.2.<\/li>\n\n\n\n<li>La documentaci\u00f3n requerida por razones m\u00e9dicas o de duelo familiar no se proporciona o es insuficiente.<\/li>\n<\/ul>\n\n<div style=\"height:30px\" aria-hidden=\"true\" class=\"wp-block-spacer\"><\/div>\n\n<h2 class=\"wp-block-heading\">6. T\u00e9rminos adicionales<\/h2>\n\n<ul class=\"wp-block-list\">\n<li>Ski Zenit se reserva el derecho de modificar estos t\u00e9rminos y condiciones con previo aviso al cliente.<\/li>\n\n\n\n<li>Estos t\u00e9rminos no afectan a sus derechos legales en virtud de las leyes nacionales aplicables en relaci\u00f3n con la venta de productos y servicios de consumo.<\/li>\n<\/ul>\n\n<div style=\"height:30px\" aria-hidden=\"true\" class=\"wp-block-spacer\"><\/div>\n\n<h2 class=\"wp-block-heading\">7. Informaci\u00f3n de contacto<\/h2>\n\n<p>Si tiene preguntas o inquietudes con respecto a estos t\u00e9rminos, comun\u00edquese con Ski Zenit en:<\/p>\n\n<ul class=\"wp-block-list\">\n<li>Correo electr\u00f3nico: <a href=\"mailto:info@skizenit.ch\">info@skizenit.ch<\/a><\/li>\n\n\n\n<li>Tel\u00e9fono: +41 77 413 6440<\/li>\n<\/ul>\n\n<p>Al contratar un seguro de cancelaci\u00f3n de Ski Zenit, el cliente acepta estos t\u00e9rminos y condiciones.<\/p>\n","protected":false},"excerpt":{"rendered":"<p>1. Introducci\u00f3n Las presentes Condiciones Generales de Contrataci\u00f3n regulan el Seguro de Cancelaci\u00f3n proporcionado por Ski Zenit (\u00abla Empresa\u00bb) a sus clientes. Este seguro permite a los clientes cancelar sus actividades reservadas en los t\u00e9rminos que se describen a continuaci\u00f3n. 2. Pol\u00edtica de cancelaci\u00f3n En el caso de las cancelaciones en virtud de las secciones &#8230; <a title=\"Seguro de Cancelaci\u00f3n &#8211; T\u00e9rminos y Condiciones Generales\" class=\"read-more\" href=\"https:\/\/skischoolsaasfee.ch\/es\/seguro-cancelacion-condiciones-generales\/\" aria-label=\"Leer m\u00e1s sobre Seguro de Cancelaci\u00f3n &#8211; T\u00e9rminos y Condiciones Generales\">Leer m\u00e1s<\/a><\/p>\n","protected":false},"author":2,"featured_media":0,"parent":0,"menu_order":0,"comment_status":"closed","ping_status":"closed","template":"","meta":{"inline_featured_image":false,"_kad_blocks_custom_css":"","_kad_blocks_head_custom_js":"","_kad_blocks_body_custom_js":"","_kad_blocks_footer_custom_js":"","_mbp_gutenberg_autopost":false,"_joinchat":[],"footnotes":""},"class_list":["post-4510","page","type-page","status-publish"],"taxonomy_info":[],"featured_image_src_large":false,"author_info":{"display_name":"Stefano Carlin","author_link":"https:\/\/skischoolsaasfee.ch\/es\/author\/stefano\/"},"comment_info":0,"_links":{"self":[{"href":"https:\/\/skischoolsaasfee.ch\/es\/wp-json\/wp\/v2\/pages\/4510","targetHints":{"allow":["GET"]}}],"collection":[{"href":"https:\/\/skischoolsaasfee.ch\/es\/wp-json\/wp\/v2\/pages"}],"about":[{"href":"https:\/\/skischoolsaasfee.ch\/es\/wp-json\/wp\/v2\/types\/page"}],"author":[{"embeddable":true,"href":"https:\/\/skischoolsaasfee.ch\/es\/wp-json\/wp\/v2\/users\/2"}],"replies":[{"embeddable":true,"href":"https:\/\/skischoolsaasfee.ch\/es\/wp-json\/wp\/v2\/comments?post=4510"}],"version-history":[{"count":0,"href":"https:\/\/skischoolsaasfee.ch\/es\/wp-json\/wp\/v2\/pages\/4510\/revisions"}],"wp:attachment":[{"href":"https:\/\/skischoolsaasfee.ch\/es\/wp-json\/wp\/v2\/media?parent=4510"}],"curies":[{"name":"wp","href":"https:\/\/api.w.org\/{rel}","templated":true}]}}