{"id":4507,"date":"2024-05-13T22:00:52","date_gmt":"2024-05-13T20:00:52","guid":{"rendered":"https:\/\/skiracingcamps.ch\/cancellation-insurance-general-terms-and-conditions\/"},"modified":"2025-09-24T14:25:07","modified_gmt":"2025-09-24T12:25:07","slug":"allgemeine-geschaftsbedingungen-2","status":"publish","type":"page","link":"https:\/\/skischoolsaasfee.ch\/de\/allgemeine-geschaftsbedingungen-2\/","title":{"rendered":"Allgemeine Gesch\u00e4ftsbedingungen"},"content":{"rendered":"\n<h2 class=\"wp-block-heading\">1. Einleitung<\/h2>\n\n<p>Diese Allgemeinen Gesch\u00e4ftsbedingungen regeln die Reiser\u00fccktrittsversicherung, die Ski Zenit (&#8222;das Unternehmen&#8220;) seinen Kunden anbietet. Diese Versicherung erm\u00f6glicht es dem Kunden, seine gebuchten Aktivit\u00e4ten zu den unten aufgef\u00fchrten Bedingungen zu stornieren. <\/p>\n\n<div style=\"height:30px\" aria-hidden=\"true\" class=\"wp-block-spacer\"><\/div>\n\n<h2 class=\"wp-block-heading\">2. Widerrufsbelehrung<\/h2>\n\n<ul class=\"wp-block-list\">\n<li>2.1 Stornierung vor Beginn der Aktivit\u00e4t: Wenn ein Kunde zum Zeitpunkt der Buchung eine Zenit-R\u00fccktrittsversicherung abschlie\u00dft, ist der Kunde berechtigt, seine Buchung nur f\u00fcr alle versicherten Gegenst\u00e4nde (ohne den Preis der Versicherungspolice selbst) aus irgendeinem Grund bis zu 48 Stunden vor dem geplanten Beginn der Aktivit\u00e4t zu stornieren. In diesem Fall hat der Kunde die M\u00f6glichkeit, entweder: \n<ul class=\"wp-block-list\">\n<li>Erhalt einer R\u00fcckerstattung von 90 % des Wertes aller versicherten Produkte oder Dienstleistungen ODER<\/li>\n\n\n\n<li>Erhalt einer Gutschrift von 95 % des Wertes der versicherten Produkte oder Dienstleistungen, die f\u00fcr zuk\u00fcnftige Produkte oder Dienstleistungen von Ski Zenit eingel\u00f6st werden k\u00f6nnen.<\/li>\n<\/ul>\n<\/li>\n\n\n\n<li>2.2 Stornierung nach Beginn der Aktivit\u00e4t: Sobald die Aktivit\u00e4t begonnen hat, ist eine Stornierung nur aus folgenden Gr\u00fcnden zul\u00e4ssig:\n<ul class=\"wp-block-list\">\n<li>2.2.1 Medizinische Gr\u00fcnde: Der Teilnehmer muss ein \u00e4rztliches Attest vorlegen, aus dem hervorgeht, dass er nicht in der Lage ist, die Teilnahme an der Aktivit\u00e4t fortzusetzen.<\/li>\n\n\n\n<li>2.2.2 Trauerfall in der Familie: Im Falle eines Trauerfalls in der Familie muss der Teilnehmer entsprechende Unterlagen vorlegen.<\/li>\n<\/ul>\n<\/li>\n<\/ul>\n\n<p>Stornierungen gem\u00e4ss Ziffern 2.2.1 und 2.2.2 sind nur unter der Bedingung g\u00fcltig, dass der Teilnehmer Saas Fee aus einem der beiden oben genannten Gr\u00fcnde verl\u00e4sst.<\/p>\n\n<div style=\"height:30px\" aria-hidden=\"true\" class=\"wp-block-spacer\"><\/div>\n\n<h2 class=\"wp-block-heading\">3. Benachrichtigung<\/h2>\n\n<p>Um eine Buchung zu stornieren, muss der Teilnehmer Ski Zenit schriftlich mitteilen:<\/p>\n\n<ul class=\"wp-block-list\">\n<li>E-Mail: <a href=\"mailto:info@skizenit.ch\">info@skizenit.ch<\/a><\/li>\n\n\n\n<li>Adresse: Ski Zenit, Hauptb\u00fcro, Oberedorfstrasse 54, 3906 Saas Fee, Schweiz<\/li>\n<\/ul>\n\n<p>Die Benachrichtigung muss w\u00e4hrend der Arbeitszeit (08:30-18:00 Uhr MEZ) mindestens 48 Stunden vor dem geplanten Beginn der Aktivit\u00e4t bei Ski Zenit eingehen, f\u00fcr Stornierungen gem\u00e4\u00df Abschnitt 2.1 oder so schnell, wie dies in den in Abschnitt 2.2 beschriebenen F\u00e4llen vern\u00fcnftigerweise m\u00f6glich ist.<\/p>\n\n<div style=\"height:30px\" aria-hidden=\"true\" class=\"wp-block-spacer\"><\/div>\n\n<h2 class=\"wp-block-heading\">4. R\u00fcckerstattungen<\/h2>\n\n<p>Bei einer g\u00fcltigen Stornierung werden R\u00fcckerstattungen bearbeitet, je nachdem, ob der Kunde eine R\u00fcckerstattung oder eine Gutschrift beantragt. Die R\u00fcckerstattung erfolgt auf die urspr\u00fcngliche Zahlungsmethode, die zum Zeitpunkt der Buchung verwendet wurde. <\/p>\n\n<div style=\"height:30px\" aria-hidden=\"true\" class=\"wp-block-spacer\"><\/div>\n\n<h2 class=\"wp-block-heading\">5. Ausnahmen<\/h2>\n\n<p>Es werden keine R\u00fcckerstattungen gew\u00e4hrt, wenn:<\/p>\n\n<ul class=\"wp-block-list\">\n<li>Der Stornierungsantrag wird weniger als 48 Stunden vor Beginn der Aktivit\u00e4t gestellt, au\u00dfer unter den in Abschnitt 2.2 genannten Bedingungen.<\/li>\n\n\n\n<li>Die erforderlichen Nachweise aus medizinischen Gr\u00fcnden oder im Trauerfall der Familie werden nicht oder nicht ausreichend zur Verf\u00fcgung gestellt.<\/li>\n<\/ul>\n\n<div style=\"height:30px\" aria-hidden=\"true\" class=\"wp-block-spacer\"><\/div>\n\n<h2 class=\"wp-block-heading\">6. Zus\u00e4tzliche Bedingungen<\/h2>\n\n<ul class=\"wp-block-list\">\n<li>Ski Zenit beh\u00e4lt sich das Recht vor, diese Allgemeinen Gesch\u00e4ftsbedingungen nach vorheriger Ank\u00fcndigung an den Kunden zu \u00e4ndern.<\/li>\n\n\n\n<li>Diese Bedingungen ber\u00fchren nicht Ihre gesetzlichen Rechte gem\u00e4\u00df den geltenden nationalen Gesetzen in Bezug auf den Verkauf von Konsumg\u00fctern und -dienstleistungen.<\/li>\n<\/ul>\n\n<div style=\"height:30px\" aria-hidden=\"true\" class=\"wp-block-spacer\"><\/div>\n\n<h2 class=\"wp-block-heading\">7. Kontaktinformationen<\/h2>\n\n<p>Bei Fragen oder Bedenken zu diesen Bedingungen wenden Sie sich bitte an Ski Zenit unter:<\/p>\n\n<ul class=\"wp-block-list\">\n<li>E-Mail: <a href=\"mailto:info@skizenit.ch\">info@skizenit.ch<\/a><\/li>\n\n\n\n<li>Telefon: +41 77 413 6440<\/li>\n<\/ul>\n\n<p>Mit dem Abschluss einer R\u00fccktrittsversicherung bei Ski Zenit stimmt der Kunde diesen Allgemeinen Gesch\u00e4ftsbedingungen zu.<\/p>\n","protected":false},"excerpt":{"rendered":"<p>1. Einleitung Diese Allgemeinen Gesch\u00e4ftsbedingungen regeln die Reiser\u00fccktrittsversicherung, die Ski Zenit (&#8222;das Unternehmen&#8220;) seinen Kunden anbietet. Diese Versicherung erm\u00f6glicht es dem Kunden, seine gebuchten Aktivit\u00e4ten zu den unten aufgef\u00fchrten Bedingungen zu stornieren. 2. Widerrufsbelehrung Stornierungen gem\u00e4ss Ziffern 2.2.1 und 2.2.2 sind nur unter der Bedingung g\u00fcltig, dass der Teilnehmer Saas Fee aus einem der beiden &#8230; <a title=\"Allgemeine Gesch\u00e4ftsbedingungen\" class=\"read-more\" href=\"https:\/\/skischoolsaasfee.ch\/de\/allgemeine-geschaftsbedingungen-2\/\" aria-label=\"Mehr Informationen \u00fcber Allgemeine Gesch\u00e4ftsbedingungen\">Weiterlesen &#8230;<\/a><\/p>\n","protected":false},"author":2,"featured_media":0,"parent":0,"menu_order":0,"comment_status":"closed","ping_status":"closed","template":"","meta":{"inline_featured_image":false,"_kad_blocks_custom_css":"","_kad_blocks_head_custom_js":"","_kad_blocks_body_custom_js":"","_kad_blocks_footer_custom_js":"","_mbp_gutenberg_autopost":false,"_joinchat":[],"footnotes":""},"class_list":["post-4507","page","type-page","status-publish"],"taxonomy_info":[],"featured_image_src_large":false,"author_info":{"display_name":"Stefano Carlin","author_link":"https:\/\/skischoolsaasfee.ch\/de\/author\/stefano\/"},"comment_info":0,"_links":{"self":[{"href":"https:\/\/skischoolsaasfee.ch\/de\/wp-json\/wp\/v2\/pages\/4507","targetHints":{"allow":["GET"]}}],"collection":[{"href":"https:\/\/skischoolsaasfee.ch\/de\/wp-json\/wp\/v2\/pages"}],"about":[{"href":"https:\/\/skischoolsaasfee.ch\/de\/wp-json\/wp\/v2\/types\/page"}],"author":[{"embeddable":true,"href":"https:\/\/skischoolsaasfee.ch\/de\/wp-json\/wp\/v2\/users\/2"}],"replies":[{"embeddable":true,"href":"https:\/\/skischoolsaasfee.ch\/de\/wp-json\/wp\/v2\/comments?post=4507"}],"version-history":[{"count":1,"href":"https:\/\/skischoolsaasfee.ch\/de\/wp-json\/wp\/v2\/pages\/4507\/revisions"}],"predecessor-version":[{"id":7840,"href":"https:\/\/skischoolsaasfee.ch\/de\/wp-json\/wp\/v2\/pages\/4507\/revisions\/7840"}],"wp:attachment":[{"href":"https:\/\/skischoolsaasfee.ch\/de\/wp-json\/wp\/v2\/media?parent=4507"}],"curies":[{"name":"wp","href":"https:\/\/api.w.org\/{rel}","templated":true}]}}